{"id":60,"date":"2019-08-19T02:52:07","date_gmt":"2019-08-19T05:52:07","guid":{"rendered":"http:\/\/radiopirada.com\/radiopirada\/?page_id=60"},"modified":"2020-06-09T20:44:47","modified_gmt":"2020-06-09T23:44:47","slug":"sobre-2","status":"publish","type":"page","link":"http:\/\/radiopirada.com\/radiopirada\/?page_id=60","title":{"rendered":"Sobre"},"content":{"rendered":"<p>Criada em 2009 por Susi Tesch, com ajuda de Fernando Johnny, que chega em 2011 com seu programa Traffic Sound, a R\u00e1dio Pirada foi pioneira no webradialismo de Porto Alegre &#8211; RS, quando iniciou a mudan\u00e7a do radialismo local e limitado para o radialismo online e de alcance mundial.<\/p>\n<p>Tivemos a honra de ter Ricardo Bar\u00e3o com o Programa das Velhas e o Programa M\u00fasica do Mundo em 2010; Moema Fortes em nossa equipe de reportagens e tamb\u00e9m com os programas: Flashback, Reggae \u00e0s Ganhas, Balaio, Esp@\u00e7o Aberto e o ainda na ativa LowLand; Wellington Pixote, com o Relax, Anah Barbiani, com o Rock Pirata; Stevan Zanirati, com o Alternativo na Ativa; Zizi Paz e Alexandre Britto, com o Brinkaredo; Jaj\u00e1 Strack com o Sushi do Guedo; Wendell Piveta, com o Metal Et\u00edlico; e Don Sep\u00falveda com o Rock Terapia.<\/p>\n<p>Transmitindo m\u00fasica independente e programa\u00e7\u00e3o ao vivo em alta qualidade digital de streaming, a R\u00e1dio Pirada possui servidores dedicados localizados na Europa que distribuem o seu sinal para todo o mundo, levando ritmos de todas as na\u00e7\u00f5es, mesclados a Rock cl\u00e1ssico, Folk e Blues, sem deixar de lado a produ\u00e7\u00e3o independente local e nacional (do Brasil) e a valoriza\u00e7\u00e3o de artistas e comunicadores unidos pela m\u00fasica!<\/p>\n<p>Temos por miss\u00e3o manter a chama acesa do Rock e da m\u00fasica independente, divulgando o trabalho produzido no RS para o Brasil e o Mundo, sem fins lucrativos.<\/p>\n<p>J\u00e1 pensou em ter seu programa de r\u00e1dio na R\u00e1dio Pirada. Entre em contato.<\/p>\n","protected":false},"excerpt":{"rendered":"<div class=\"mh-excerpt\"><p>Criada em 2009 por Susi Tesch, com ajuda de Fernando Johnny, que chega em 2011 com seu programa Traffic Sound, a R\u00e1dio Pirada foi pioneira <a class=\"mh-excerpt-more\" href=\"http:\/\/radiopirada.com\/radiopirada\/?page_id=60\" title=\"Sobre\">[&#8230;]<\/a><\/p>\n<\/div>","protected":false},"author":1,"featured_media":0,"parent":0,"menu_order":0,"comment_status":"open","ping_status":"open","template":"","meta":[],"_links":{"self":[{"href":"http:\/\/radiopirada.com\/radiopirada\/index.php?rest_route=\/wp\/v2\/pages\/60"}],"collection":[{"href":"http:\/\/radiopirada.com\/radiopirada\/index.php?rest_route=\/wp\/v2\/pages"}],"about":[{"href":"http:\/\/radiopirada.com\/radiopirada\/index.php?rest_route=\/wp\/v2\/types\/page"}],"author":[{"embeddable":true,"href":"http:\/\/radiopirada.com\/radiopirada\/index.php?rest_route=\/wp\/v2\/users\/1"}],"replies":[{"embeddable":true,"href":"http:\/\/radiopirada.com\/radiopirada\/index.php?rest_route=%2Fwp%2Fv2%2Fcomments&post=60"}],"version-history":[{"count":7,"href":"http:\/\/radiopirada.com\/radiopirada\/index.php?rest_route=\/wp\/v2\/pages\/60\/revisions"}],"predecessor-version":[{"id":179,"href":"http:\/\/radiopirada.com\/radiopirada\/index.php?rest_route=\/wp\/v2\/pages\/60\/revisions\/179"}],"wp:attachment":[{"href":"http:\/\/radiopirada.com\/radiopirada\/index.php?rest_route=%2Fwp%2Fv2%2Fmedia&parent=60"}],"curies":[{"name":"wp","href":"https:\/\/api.w.org\/{rel}","templated":true}]}}