{"id":59,"date":"2019-08-19T02:51:28","date_gmt":"2019-08-19T05:51:28","guid":{"rendered":"http:\/\/radiopirada.com\/radiopirada\/?page_id=59"},"modified":"2025-08-20T07:26:33","modified_gmt":"2025-08-20T10:26:33","slug":"programacao-2","status":"publish","type":"page","link":"http:\/\/radiopirada.com\/radiopirada\/?page_id=59","title":{"rendered":"Programa\u00e7\u00e3o"},"content":{"rendered":"\n<p>Atualmente sem programa\u00e7\u00e3o ao vivo ou gravada, mas com o melhor playlist da web selecionado para voc\u00ea.<\/p>\n","protected":false},"excerpt":{"rendered":"<div class=\"mh-excerpt\"><p>Atualmente sem programa\u00e7\u00e3o ao vivo ou gravada, mas com o melhor playlist da web selecionado para voc\u00ea.<\/p>\n<\/div>","protected":false},"author":1,"featured_media":0,"parent":0,"menu_order":0,"comment_status":"open","ping_status":"open","template":"","meta":[],"_links":{"self":[{"href":"http:\/\/radiopirada.com\/radiopirada\/index.php?rest_route=\/wp\/v2\/pages\/59"}],"collection":[{"href":"http:\/\/radiopirada.com\/radiopirada\/index.php?rest_route=\/wp\/v2\/pages"}],"about":[{"href":"http:\/\/radiopirada.com\/radiopirada\/index.php?rest_route=\/wp\/v2\/types\/page"}],"author":[{"embeddable":true,"href":"http:\/\/radiopirada.com\/radiopirada\/index.php?rest_route=\/wp\/v2\/users\/1"}],"replies":[{"embeddable":true,"href":"http:\/\/radiopirada.com\/radiopirada\/index.php?rest_route=%2Fwp%2Fv2%2Fcomments&post=59"}],"version-history":[{"count":11,"href":"http:\/\/radiopirada.com\/radiopirada\/index.php?rest_route=\/wp\/v2\/pages\/59\/revisions"}],"predecessor-version":[{"id":595,"href":"http:\/\/radiopirada.com\/radiopirada\/index.php?rest_route=\/wp\/v2\/pages\/59\/revisions\/595"}],"wp:attachment":[{"href":"http:\/\/radiopirada.com\/radiopirada\/index.php?rest_route=%2Fwp%2Fv2%2Fmedia&parent=59"}],"curies":[{"name":"wp","href":"https:\/\/api.w.org\/{rel}","templated":true}]}}